{"id":810,"date":"2024-12-13T13:10:36","date_gmt":"2024-12-13T13:10:36","guid":{"rendered":"https:\/\/biadu.de\/?page_id=810"},"modified":"2024-12-13T13:12:43","modified_gmt":"2024-12-13T13:12:43","slug":"avgs-informationen","status":"publish","type":"page","link":"https:\/\/biadu.de\/index.php\/avgs-informationen\/","title":{"rendered":"AVGS Informationen"},"content":{"rendered":"<p>Viele fragen sich, wie man einen Aktivierungs- und Vermittlungsgutschein (AVGS) oder einen Gutschein f\u00fcr eine ganzheitliche Betreuung nach \u00a716k SGBII bekommen kann.<\/p>\n<p>Daher findet sich hier unsere \u00dcbersicht zu dem Thema.<\/p>\n<h2>Aktivierungs- und Vermittlungsgutschein (AVGS)<\/h2>\n<p>Der AVGS ist eine F\u00f6rderma\u00dfnahme der Agentur f\u00fcr Arbeit oder des Jobcenters, die Arbeitsuchende bei der Integration in den Arbeitsmarkt unterst\u00fctzt. Grundlegend erhalten Sie einen AVGS von Ihrem Jobcenter.<\/p>\n<p>Dabei m\u00fcssen zun\u00e4chst die folgenden Voraussetzungen erf\u00fcllt sein:<\/p>\n<ul>\n<li>Arbeitslos gemeldet oder von Arbeitslosigkeit bedroht.<\/li>\n<li>Anspruch auf Arbeitslosengeld I oder ALG II (B\u00fcrgergeld).<\/li>\n<li>Interesse an Ma\u00dfnahmen, die die Chancen auf einen Job verbessern.<\/li>\n<\/ul>\n<p>Wenn dies auf Sie zutrifft, gehen Sie wie folgt vor:<\/p>\n<ol>\n<li><strong>Termin bei der Arbeitsagentur\/Jobcenter vereinbaren<\/strong>: Besprechen Sie Ihre berufliche Situation und m\u00f6glichen F\u00f6rderbedarf mit Ihrem Sachbearbeiter.<\/li>\n<li><strong>Bedarf begr\u00fcnden<\/strong>: Erkl\u00e4ren Sie, warum Sie den Gutschein ben\u00f6tigen (z.B. um Ihre Vermittlungschancen zu erh\u00f6hen oder grundlegende Probleme anzugehen, die einen Einstieg in den Jobmarkt erschweren). Die Entscheidung liegt im Ermessen des Sachbearbeiters; es besteht kein Rechtsanspruch auf den AVGS.<\/li>\n<li><strong>Die BiADU kontaktieren:<\/strong> Bringen Sie uns ihren Gutschein vorbei, wir erledigen alles Weitere f\u00fcr Sie. Der AVGS ist zeitlich begrenzt g\u00fcltig. Achten Sie auf die Fristen! Dann kann es auch schon mit dem Coaching losgehen.<\/li>\n<\/ol>\n<p>Informationen dazu, in welchen Bereichen unser Coaching unterst\u00fctzen kann, finden Sie weiter unten im Abschnitt \u201eInhalte der Ma\u00dfnahmen\u201c.<\/p>\n<h2>Gutschein f\u00fcr eine ganzheitliche Betreuung nach \u00a716k SGB II<\/h2>\n<p>Dieser Gutschein ist f\u00fcr Personen gedacht, die besondere Schwierigkeiten bei der Integration in den Arbeitsmarkt haben und intensivere Unterst\u00fctzung ben\u00f6tigen.<\/p>\n<p>Die Zielgruppe ist dabei wie folgt:<\/p>\n<ul>\n<li>Langzeitarbeitslose.<\/li>\n<li>Menschen mit multiplen Vermittlungshemmnissen (z. B. gesundheitliche Einschr\u00e4nkungen, mangelnde Qualifikationen, soziale Probleme).<\/li>\n<li>Leistungsempf\u00e4nger nach SGB II.<\/li>\n<\/ul>\n<p>Wenn dies auf Sie zutrifft, gehen Sie wie folgt vor:<\/p>\n<ul>\n<li><strong>Termin bei der Arbeitsagentur\/Jobcenter vereinbaren<\/strong>: Sprechen Sie Ihren Sachbearbeiter auf Ihre Situation und den Bedarf an ganzheitlicher Betreuung an.<\/li>\n<li><strong>Individuelle Situation schildern:<\/strong> Betonen Sie, welche Schwierigkeiten eine Besch\u00e4ftigung erschweren und welche Hilfen Sie dabei ben\u00f6tigen. Der Sachbearbeiter schl\u00e4gt passende Angebote vor oder bewilligt den Gutschein. Auch hier entscheidet das Jobcenter nach eigenem Ermessen.<\/li>\n<li><strong>Die BiADU kontaktieren:<\/strong> Bringen Sie uns ihren Gutschein vorbei, wir erledigen alles Weitere f\u00fcr Sie. Der Gutschein ist zeitlich begrenzt g\u00fcltig. Achten Sie auf die Fristen! Dann kann es auch schon mit dem Coaching losgehen.<\/li>\n<\/ul>\n<h2>Tipps f\u00fcr den Antrag<\/h2>\n<ul>\n<li><strong>Gut vorbereitet ins Gespr\u00e4ch gehen<\/strong>: Argumentieren Sie, wie die Ma\u00dfnahme Ihre berufliche Situation verbessern kann.<\/li>\n<li><strong>Nachfragen und Unterst\u00fctzung einholen<\/strong>: Fragen Sie konkret nach verf\u00fcgbaren Ma\u00dfnahmen und Gutscheinen.<\/li>\n<li><strong>Geduld haben<\/strong>: Die Bearbeitung kann etwas Zeit in Anspruch nehmen.<\/li>\n<\/ul>\n<p>Falls Sie unsicher sind, k\u00f6nnen Sie sich vorab von einem Beratungsdienst oder einer sozialen Organisation unterst\u00fctzen lassen, die Erfahrung mit solchen Antr\u00e4gen hat.<\/p>\n<h2>Inhalte der Ma\u00dfnahmen<\/h2>\n<p>Wir k\u00f6nnen die Inhalte der Ma\u00dfnahme nach Ihren Erfordernissen individualisieren und unterst\u00fctzen Sie gerne bei s\u00e4mtlichen Themen wie beispielsweise:<\/p>\n<ul>\n<li>Familie<\/li>\n<li>Gesundheit<\/li>\n<li>Finanzielle Situation<\/li>\n<li>Sucht<\/li>\n<li>Verschuldung<\/li>\n<li>Schwierige Wohnverh\u00e4ltnisse<\/li>\n<li>Schlechte Erfahrungen im Arbeitsleben<\/li>\n<li>Belastende famili\u00e4re Verh\u00e4ltnisse, wie Pflege von Angeh\u00f6rigen oder bei der Betreuung von Kindern<\/li>\n<li>Gesundheitliche Beeintr\u00e4chtigungen<\/li>\n<li>Unterst\u00fctzung von Alleinerziehenden<\/li>\n<li>Bewerbungscoaching<\/li>\n<li>Einf\u00fchrung in jobcenter.digital<\/li>\n<\/ul>\n","protected":false},"excerpt":{"rendered":"<p>Viele fragen sich, wie man einen Aktivierungs- und Vermittlungsgutschein (AVGS) oder einen Gutschein f\u00fcr eine ganzheitliche Betreuung nach \u00a716k SGBII bekommen kann. Daher findet sich hier unsere \u00dcbersicht zu dem Thema. Aktivierungs- und Vermittlungsgutschein (AVGS) Der AVGS ist eine F\u00f6rderma\u00dfnahme<\/p>\n","protected":false},"author":1,"featured_media":0,"parent":0,"menu_order":0,"comment_status":"closed","ping_status":"closed","template":"","meta":{"footnotes":""},"class_list":["post-810","page","type-page","status-publish","hentry"],"_links":{"self":[{"href":"https:\/\/biadu.de\/index.php\/wp-json\/wp\/v2\/pages\/810","targetHints":{"allow":["GET"]}}],"collection":[{"href":"https:\/\/biadu.de\/index.php\/wp-json\/wp\/v2\/pages"}],"about":[{"href":"https:\/\/biadu.de\/index.php\/wp-json\/wp\/v2\/types\/page"}],"author":[{"embeddable":true,"href":"https:\/\/biadu.de\/index.php\/wp-json\/wp\/v2\/users\/1"}],"replies":[{"embeddable":true,"href":"https:\/\/biadu.de\/index.php\/wp-json\/wp\/v2\/comments?post=810"}],"version-history":[{"count":4,"href":"https:\/\/biadu.de\/index.php\/wp-json\/wp\/v2\/pages\/810\/revisions"}],"predecessor-version":[{"id":850,"href":"https:\/\/biadu.de\/index.php\/wp-json\/wp\/v2\/pages\/810\/revisions\/850"}],"wp:attachment":[{"href":"https:\/\/biadu.de\/index.php\/wp-json\/wp\/v2\/media?parent=810"}],"curies":[{"name":"wp","href":"https:\/\/api.w.org\/{rel}","templated":true}]}}